{"id":720,"date":"2013-05-01T22:46:14","date_gmt":"2013-05-01T20:46:14","guid":{"rendered":"http:\/\/silvanaheissenberg.de\/wp\/?page_id=720"},"modified":"2022-02-12T01:43:13","modified_gmt":"2022-02-12T00:43:13","slug":"presse","status":"publish","type":"page","link":"http:\/\/silvanaheissenberg.de\/wp\/presse\/","title":{"rendered":"Presse"},"content":{"rendered":"\n<p style=\"text-align: center;\"><span style=\"font-family: arial, helvetica, sans-serif; font-size: 12px;\">Schauspielerin und Model<\/span><\/p>\n<p style=\"text-align: center;\"><span style=\"font-family: arial, helvetica, sans-serif; font-size: 12px;\">Die deutsche Newcomerin<\/span><br><span style=\"font-family: arial, helvetica, sans-serif; font-size: 12px;\">mit Star-Power<\/span><\/p>\n<p style=\"text-align: center;\"><span style=\"font-family: arial, helvetica, sans-serif; font-size: 32px;\"><strong>Silvana Hei\u00dfenberg<\/strong><\/span><\/p>\n<p>&nbsp;<\/p>\n<p><span style=\"font-family: arial, helvetica, sans-serif; font-size: 12px;\"><strong>Silvana Hei\u00dfenberg<\/strong>, die 27 Jahre junge und sympathische im Sternzeichen L\u00f6we geborene Schauspielerin und Model mit den Traumma\u00dfen: 1,82m 95-65-89 by&nbsp;59 kg, Konf.-Gr.: 32-34\/36, lange blonde Haare und blaue Augen kommt aus NRW.<\/span><\/p>\n<p><span style=\"font-family: arial, helvetica, sans-serif; font-size: 12px;\">Wir trafen uns mit der gro\u00dfen, h\u00fcbschen und sexy Silvana im Dortmunder In-Cafe &#8222;Alex&#8220;. Das sie selbst in diesem Cafe auffiel liegt an ihrer nat\u00fcrlichen und herrlichen Ausstrahlung, sie war bei ihrer Gr\u00f6\u00dfe auch nicht zu \u00fcbersehen. Hatten wir die h\u00fcbsche sympathische Schauspielerin nicht eben noch im TV gesehen ??? oder war es eine Plakatwerbung ???. Und nun sa\u00dfen wir bei einem Gl\u00e4schen Champagner und plauderten \u00fcber: Essen und trinken, Sport und Dortmund, Ziele und W\u00fcnsche und nat\u00fcrlich auch \u00fcber die Liebe.<\/span><br><span style=\"font-family: arial, helvetica, sans-serif; font-size: 12px;\">Das Silvana dazu ihre eigenen Vorstellungen hat kann man sich sicher denken. Aber dazu kommen wir sp\u00e4ter&#8230;.<\/span><\/p>\n<table border=\"0\">\n<tbody>\n<tr>\n<td><span style=\"font-family: arial, helvetica, sans-serif; font-size: 12px;\"><img decoding=\"async\" loading=\"lazy\" class=\" size-full wp-image-10\" src=\"http:\/\/silvanaheissenberg.de\/wp\/wp-content\/uploads\/2013\/05\/img_2683.jpg\" alt=\"\" width=\"300\" height=\"450\" srcset=\"http:\/\/silvanaheissenberg.de\/wp\/wp-content\/uploads\/2013\/05\/img_2683.jpg 300w, http:\/\/silvanaheissenberg.de\/wp\/wp-content\/uploads\/2013\/05\/img_2683-200x300.jpg 200w\" sizes=\"(max-width: 300px) 100vw, 300px\" \/><\/span><\/td>\n<td>\n<p><span style=\"font-family: arial, helvetica, sans-serif; font-size: 12px;\">Die heute bei D\u00fcsseldorf lebende<\/span><\/p>\n<p><span style=\"font-family: arial, helvetica, sans-serif; font-size: 12px;\"><img decoding=\"async\" loading=\"lazy\" class=\" size-full wp-image-11\" src=\"http:\/\/silvanaheissenberg.de\/wp\/wp-content\/uploads\/2013\/05\/img_2675.jpg\" alt=\"\" width=\"450\" height=\"300\" srcset=\"http:\/\/silvanaheissenberg.de\/wp\/wp-content\/uploads\/2013\/05\/img_2675.jpg 450w, http:\/\/silvanaheissenberg.de\/wp\/wp-content\/uploads\/2013\/05\/img_2675-300x200.jpg 300w\" sizes=\"(max-width: 450px) 100vw, 450px\" \/><\/span><\/p>\n<p><span style=\"font-family: arial, helvetica, sans-serif; font-size: 12px;\">Silvana Hei\u00dfenberg<\/span><\/p>\n<\/td>\n<\/tr>\n<tr>\n<td>&nbsp;<\/td>\n<td><span style=\"font-family: arial, helvetica, sans-serif; font-size: 12px;\"><strong>Die Liebe<\/strong>, tja was schreiben wir nur \u00fcber die Liebe. Ist sie Single oder schon in festen H\u00e4nden ???.<\/span><\/td>\n<\/tr>\n<tr>\n<td><span style=\"font-family: arial, helvetica, sans-serif; font-size: 12px;\"><strong>&nbsp;<\/strong><\/span>\n<p>&nbsp;<\/p>\n<p><span style=\"font-family: arial, helvetica, sans-serif; font-size: 12px;\"><strong>&nbsp;<\/strong><\/span><\/p>\n<p><span style=\"font-family: arial, helvetica, sans-serif; font-size: 12px;\"><strong>Ihre Karriere<\/strong> startete Silvana 2001 als Model. Ob es Werbung f\u00fcr zum Beispiel Galeria Kaufhof&nbsp; (sie pr\u00e4sentierte f\u00fcr Galeria TV die Strand- Bademoden 2004 in einem Werbefilm) &#8230;.. war. Silvana l\u00e4chelte uns von den Covern diverser Modekatalogen und Prospekten entgegen. Doch ihre Liebe galt dem TV. Hier startete sie 2003 mit diversen Rollen bei Sat1. Schnell folgten kleinere Kurzfilme, Einspieler und Hauptrollen<\/span><\/p>\n<p>&nbsp;<\/p>\n<p align=\"justify\"><span style=\"font-family: arial, helvetica, sans-serif; font-size: 12px;\"><strong>Essen &amp; trinken<\/strong>, auch da hat sie ihren eigenen Geschmack aber zu einem Gl\u00e4schen Champagner bei ihrem Lieblingsitaliener sagt sie nicht nein. Ob Pasta oder Pizzen, sie kann nicht widerstehen. Es darf aber auch ruhig mal die gehobene K\u00fcche sein. Sie wei\u00df ein 5 Sterne Menue durchaus zu sch\u00e4tzen. Um ihren Traumk\u00f6rper fit zu halten, bedarf es halt auch mal etwas besonderes und nicht nur Kn\u00e4ckebrot und Salat.<\/span><\/p>\n<\/td>\n<td><span style=\"font-family: arial, helvetica, sans-serif; font-size: 12px;\">&nbsp;<img decoding=\"async\" loading=\"lazy\" class=\" size-full wp-image-12\" src=\"http:\/\/silvanaheissenberg.de\/wp\/wp-content\/uploads\/2013\/05\/img_2742.jpg\" alt=\"\" width=\"271\" height=\"450\" srcset=\"http:\/\/silvanaheissenberg.de\/wp\/wp-content\/uploads\/2013\/05\/img_2742.jpg 271w, http:\/\/silvanaheissenberg.de\/wp\/wp-content\/uploads\/2013\/05\/img_2742-181x300.jpg 181w\" sizes=\"(max-width: 271px) 100vw, 271px\" \/><\/span><\/td>\n<\/tr>\n<tr>\n<td><span style=\"font-family: arial, helvetica, sans-serif; font-size: 12px;\"><img decoding=\"async\" loading=\"lazy\" class=\" size-full wp-image-13\" src=\"http:\/\/silvanaheissenberg.de\/wp\/wp-content\/uploads\/2013\/05\/img_2484.jpg\" alt=\"\" width=\"300\" height=\"450\" srcset=\"http:\/\/silvanaheissenberg.de\/wp\/wp-content\/uploads\/2013\/05\/img_2484.jpg 300w, http:\/\/silvanaheissenberg.de\/wp\/wp-content\/uploads\/2013\/05\/img_2484-200x300.jpg 200w\" sizes=\"(max-width: 300px) 100vw, 300px\" \/><\/span>\n<p>&nbsp;<\/p>\n<p>&nbsp;<\/p>\n<\/td>\n<td>\n<p align=\"justify\"><span style=\"font-family: arial, helvetica, sans-serif; font-size: 12px;\"><strong>&nbsp;<\/strong><\/span><\/p>\n<p align=\"justify\"><span style=\"font-family: arial, helvetica, sans-serif; font-size: 12px;\"><strong>&nbsp;<\/strong><\/span><\/p>\n<p align=\"justify\"><span style=\"font-family: arial, helvetica, sans-serif; font-size: 12px;\"><strong>Die Liebe<\/strong>, also das wichtigste gleich vorweg, wir wollen Euch in diesem Punkt nicht l\u00e4nger auf die Folter spannen. Ja, da gibt es doch mal was erfreuliches, sie ist Single. Aber nur weil ihr der Richtige noch nicht \u00fcber den Weg gelaufen ist.<\/span><\/p>\n<p align=\"justify\"><span style=\"font-family: arial, helvetica, sans-serif; font-size: 12px;\">In ihrer <strong>Biografie<\/strong> beschreibt Silvana sich selbst: Ich wurde im Sternzeichen L\u00f6we im sch\u00f6nen Bergischen Land geboren. Und habe alle Eigenschaften wie: St\u00e4rke, Durchsetzungsverm\u00f6gen und Zuverl\u00e4ssigkeit eines L\u00f6wen, wir konnten uns davon \u00fcberzeugen.<\/span><br><span style=\"font-family: arial, helvetica, sans-serif; font-size: 12px;\">Bis sie sich mit Model- und Schauspielauftr\u00e4gen \u00fcber Wasser halten konnte, half Silvana im Bistro ihrer Freundin. sammelte Erfahrungen bei Fotojobs oder aber auch als Fernreisebusstewardess und sp\u00e4ter als Datentypistin in einer Spedition. In dieser Zeit wurde sie immer von ihrer lieben Gro\u00dfmutter, in ihrem Vorhaben Schauspielerin und Model zu werden, best\u00e4rkt und unterst\u00fctzt.<\/span><\/p>\n<p align=\"justify\"><span style=\"font-family: arial, helvetica, sans-serif; font-size: 12px;\"><strong>Hobbys<\/strong>, na da haben wir ein sch\u00f6nes Stichwort gegeben. Neben fliegen und Musik hat sie keine Zeit f\u00fcr weitere Hobbys. Lebt sie doch mit einem Schwarzem und einem Harlekin zusammen. Gemeint sind damit ihre beiden Pudel, die sie ganz sch\u00f6n auf Trapp halten. Doch nicht genug damit, die tierliebende Silvana hat sich auch um ihre Zierfische zu k\u00fcmmern. Und ihre 4 Piranhas brauchen auch jeden Tag ihr Frischfleisch. Wir wissen nicht wie man eine Vogelspinne oder 5 Skorpione f\u00fcttert, und hoffen das sie in extra K\u00e4figen gehalten werden, damit die Bartagame da nicht dran kommt. Sie sehen, da ist einiges los in ihrem Leben.<\/span><\/p>\n<p align=\"justify\"><span style=\"font-family: arial, helvetica, sans-serif; font-size: 12px;\">Ihre neue <strong>Webseite <\/strong>wurde gerade fertiggestellt. Freuen wir uns doch jetzt schon darauf mehr von Silvana zu erfahren.<\/span><\/p>\n<p align=\"justify\">&nbsp;<\/p>\n<\/td>\n<\/tr>\n<tr>\n<td>&nbsp;<\/td>\n<td>\n<p align=\"justify\">&nbsp;<\/p>\n<p>&nbsp;<\/p>\n<p><span style=\"font-family: arial, helvetica, sans-serif; font-size: 12px;\"><strong>Silvana Hei\u00dfenberg vor der Dortmunder Skyline<\/strong><\/span><\/p>\n<\/td>\n<\/tr>\n<\/tbody>\n<\/table>\n<table border=\"0\">\n<tbody>\n<tr>\n<td>\n<p>&nbsp;<\/p>\n<\/td>\n<td>\n<p>&nbsp;<\/p>\n<\/td>\n<td>\n<p>&nbsp;<\/p>\n<\/td>\n<\/tr>\n<tr>\n<td>\n<p><span style=\"font-family: arial, helvetica, sans-serif; font-size: 12px;\"><img decoding=\"async\" loading=\"lazy\" class=\" size-full wp-image-14\" src=\"http:\/\/silvanaheissenberg.de\/wp\/wp-content\/uploads\/2013\/05\/img_3005.jpg\" alt=\"\" width=\"250\" height=\"375\" srcset=\"http:\/\/silvanaheissenberg.de\/wp\/wp-content\/uploads\/2013\/05\/img_3005.jpg 250w, http:\/\/silvanaheissenberg.de\/wp\/wp-content\/uploads\/2013\/05\/img_3005-200x300.jpg 200w\" sizes=\"(max-width: 250px) 100vw, 250px\" \/><\/span><\/p>\n<p><span style=\"font-family: arial, helvetica, sans-serif; font-size: 12px;\"><strong>Silvana Hei\u00dfenberg<\/strong><\/span><\/p>\n<\/td>\n<td>\n<p><span style=\"font-family: arial, helvetica, sans-serif; font-size: 12px;\"><img decoding=\"async\" loading=\"lazy\" class=\" size-full wp-image-15\" src=\"http:\/\/silvanaheissenberg.de\/wp\/wp-content\/uploads\/2013\/05\/img_2983.jpg\" alt=\"\" width=\"250\" height=\"375\" srcset=\"http:\/\/silvanaheissenberg.de\/wp\/wp-content\/uploads\/2013\/05\/img_2983.jpg 250w, http:\/\/silvanaheissenberg.de\/wp\/wp-content\/uploads\/2013\/05\/img_2983-200x300.jpg 200w\" sizes=\"(max-width: 250px) 100vw, 250px\" \/><\/span><\/p>\n<p><span style=\"font-family: arial, helvetica, sans-serif; font-size: 12px;\"><strong>in Dortmund<\/strong><\/span><\/p>\n<\/td>\n<td>\n<p><span style=\"font-family: arial, helvetica, sans-serif; font-size: 12px;\"><img decoding=\"async\" loading=\"lazy\" class=\" size-full wp-image-16\" src=\"http:\/\/silvanaheissenberg.de\/wp\/wp-content\/uploads\/2013\/05\/img_2969.jpg\" alt=\"\" width=\"250\" height=\"375\" srcset=\"http:\/\/silvanaheissenberg.de\/wp\/wp-content\/uploads\/2013\/05\/img_2969.jpg 250w, http:\/\/silvanaheissenberg.de\/wp\/wp-content\/uploads\/2013\/05\/img_2969-200x300.jpg 200w\" sizes=\"(max-width: 250px) 100vw, 250px\" \/><\/span><\/p>\n<p><span style=\"font-family: arial, helvetica, sans-serif; font-size: 12px;\"><strong>am Stadttheater<\/strong><\/span><\/p>\n<\/td>\n<\/tr>\n<\/tbody>\n<\/table>\n<table border=\"0\">\n<tbody>\n<tr>\n<td>&nbsp;<\/td>\n<td>&nbsp;<\/td>\n<\/tr>\n<tr>\n<td><img decoding=\"async\" loading=\"lazy\" class=\" size-full wp-image-17\" src=\"http:\/\/silvanaheissenberg.de\/wp\/wp-content\/uploads\/2013\/05\/img_2551.jpg\" alt=\"\" width=\"300\" height=\"450\" srcset=\"http:\/\/silvanaheissenberg.de\/wp\/wp-content\/uploads\/2013\/05\/img_2551.jpg 300w, http:\/\/silvanaheissenberg.de\/wp\/wp-content\/uploads\/2013\/05\/img_2551-200x300.jpg 200w\" sizes=\"(max-width: 300px) 100vw, 300px\" \/><\/td>\n<td><img decoding=\"async\" loading=\"lazy\" class=\" size-full wp-image-18\" src=\"http:\/\/silvanaheissenberg.de\/wp\/wp-content\/uploads\/2013\/05\/img_2671.jpg\" alt=\"\" width=\"300\" height=\"450\" srcset=\"http:\/\/silvanaheissenberg.de\/wp\/wp-content\/uploads\/2013\/05\/img_2671.jpg 300w, http:\/\/silvanaheissenberg.de\/wp\/wp-content\/uploads\/2013\/05\/img_2671-200x300.jpg 200w\" sizes=\"(max-width: 300px) 100vw, 300px\" \/><\/td>\n<\/tr>\n<\/tbody>\n<\/table>\n<table border=\"0\">\n<tbody>\n<tr>\n<td>&nbsp;<\/td>\n<td>&nbsp;<\/td>\n<td>&nbsp;<\/td>\n<\/tr>\n<tr>\n<td>\n<p><img decoding=\"async\" loading=\"lazy\" class=\" size-full wp-image-19\" src=\"http:\/\/silvanaheissenberg.de\/wp\/wp-content\/uploads\/2013\/05\/img_2663.jpg\" alt=\"\" width=\"180\" height=\"450\" srcset=\"http:\/\/silvanaheissenberg.de\/wp\/wp-content\/uploads\/2013\/05\/img_2663.jpg 180w, http:\/\/silvanaheissenberg.de\/wp\/wp-content\/uploads\/2013\/05\/img_2663-120x300.jpg 120w\" sizes=\"(max-width: 180px) 100vw, 180px\" \/><\/p>\n<p><strong>Silvana<\/strong><\/p>\n<\/td>\n<td>\n<p><img decoding=\"async\" loading=\"lazy\" class=\" size-full wp-image-20\" src=\"http:\/\/silvanaheissenberg.de\/wp\/wp-content\/uploads\/2013\/05\/img_2653.jpg\" alt=\"\" width=\"217\" height=\"450\" srcset=\"http:\/\/silvanaheissenberg.de\/wp\/wp-content\/uploads\/2013\/05\/img_2653.jpg 217w, http:\/\/silvanaheissenberg.de\/wp\/wp-content\/uploads\/2013\/05\/img_2653-145x300.jpg 145w\" sizes=\"(max-width: 217px) 100vw, 217px\" \/><\/p>\n<p><strong>Hei\u00dfenberg&nbsp;<br><\/strong><\/p>\n<\/td>\n<td>\n<p><img decoding=\"async\" loading=\"lazy\" class=\" size-full wp-image-21\" src=\"http:\/\/silvanaheissenberg.de\/wp\/wp-content\/uploads\/2013\/05\/img_2622.jpg\" alt=\"\" width=\"246\" height=\"450\" srcset=\"http:\/\/silvanaheissenberg.de\/wp\/wp-content\/uploads\/2013\/05\/img_2622.jpg 246w, http:\/\/silvanaheissenberg.de\/wp\/wp-content\/uploads\/2013\/05\/img_2622-164x300.jpg 164w\" sizes=\"(max-width: 246px) 100vw, 246px\" \/><\/p>\n<p><strong>ein neuer Star im TV<\/strong><\/p>\n<\/td>\n<\/tr>\n<tr>\n<td><img decoding=\"async\" loading=\"lazy\" class=\" size-full wp-image-22\" src=\"http:\/\/silvanaheissenberg.de\/wp\/wp-content\/uploads\/2013\/05\/img_2844.jpg\" alt=\"\" width=\"173\" height=\"450\" srcset=\"http:\/\/silvanaheissenberg.de\/wp\/wp-content\/uploads\/2013\/05\/img_2844.jpg 173w, http:\/\/silvanaheissenberg.de\/wp\/wp-content\/uploads\/2013\/05\/img_2844-115x300.jpg 115w\" sizes=\"(max-width: 173px) 100vw, 173px\" \/><\/td>\n<td>&nbsp;\n<p>&nbsp;<\/p>\n<p><img decoding=\"async\" loading=\"lazy\" class=\" size-full wp-image-23\" src=\"http:\/\/silvanaheissenberg.de\/wp\/wp-content\/uploads\/2013\/05\/img_2853.jpg\" alt=\"\" width=\"300\" height=\"450\" srcset=\"http:\/\/silvanaheissenberg.de\/wp\/wp-content\/uploads\/2013\/05\/img_2853.jpg 300w, http:\/\/silvanaheissenberg.de\/wp\/wp-content\/uploads\/2013\/05\/img_2853-200x300.jpg 200w\" sizes=\"(max-width: 300px) 100vw, 300px\" \/><\/p>\n<\/td>\n<td><img decoding=\"async\" loading=\"lazy\" class=\" size-full wp-image-24\" src=\"http:\/\/silvanaheissenberg.de\/wp\/wp-content\/uploads\/2013\/05\/img_2875.jpg\" alt=\"\" width=\"300\" height=\"450\" srcset=\"http:\/\/silvanaheissenberg.de\/wp\/wp-content\/uploads\/2013\/05\/img_2875.jpg 300w, http:\/\/silvanaheissenberg.de\/wp\/wp-content\/uploads\/2013\/05\/img_2875-200x300.jpg 200w\" sizes=\"(max-width: 300px) 100vw, 300px\" \/><\/td>\n<\/tr>\n<\/tbody>\n<\/table>\n<table border=\"0\">\n<tbody>\n<tr>\n<td>&nbsp;<\/td>\n<td>&nbsp;<\/td>\n<\/tr>\n<tr>\n<td>\n<p align=\"justify\"><span style=\"font-family: arial, helvetica, sans-serif; font-size: 12px;\">Aber wie begann das alles, Stichwort: <strong>Start ihrer Karriere<\/strong>. Auch hier zu gibt es einen sch\u00f6nen Satz: <strong><em>&#8222;The winner of this model contest is Silvana from Germany&#8220;<\/em><\/strong> landete sie doch in Miami bei ihrem erstem \u00f6ffentlichen Auftritt gleich auf Platz 1. Jetzt war sie auf den Geschmack gekommen und setzte sich zum <strong>Ziel<\/strong> Model zu werden.<\/span><\/p>\n<p align=\"justify\"><span style=\"font-family: arial, helvetica, sans-serif; font-size: 12px;\">Das Silvana immer auf der <strong>Suche<\/strong> nach interessanten TV-Rollen ist k\u00f6nnen wir verstehen. <strong>Eine Agentur oder <\/strong><strong>ein professioneller Manager mit sehr guten Connections zum Filmbusiness<\/strong> darf sich gerne bei ihr melden. Sie h\u00f6rt sich sicher jedes Angebot an.<\/span><\/p>\n<p><span style=\"font-family: arial, helvetica, sans-serif; font-size: 12px;\"><a href=\"mailto:info@silvanaheissenberg.de\">Mit Angeboten d\u00fcrfen &#8222;Sie&#8220; sich gerne per <strong>eMail<\/strong><br>an Silvana Hei\u00dfenberg wenden.<\/a><\/span><\/p>\n<p align=\"justify\"><span style=\"font-family: arial, helvetica, sans-serif; font-size: 12px;\"><strong>W\u00fcnsche<\/strong>, na klar, da gibt es einige. Mal in einem Krimi mitspielen und das nicht nur als Leiche. Sie w\u00fcnscht sich eine Hauptrolle in einer Krimiserie wie &#8222;Der Alte&#8220; oder im &#8222;Tatort&#8220; Gerne w\u00fcrde sie auch dauerhaft in einer Soap mitspielen.<\/span><\/p>\n<p align=\"justify\"><span style=\"font-family: arial, helvetica, sans-serif; font-size: 12px;\"><strong>Richtungen<\/strong>, das B\u00f6se liegt ihr. Auf das &#8222;b\u00f6se Biest&#8220; hat sie sich spezialisiert, will sich aber nicht nur als Biest sehen, sondern gerne auch mal k\u00fcnstlerisch hochwertige Rollen spielen. Das sie daf\u00fcr auch mal wochenlang seitenweise Drehb\u00fccher lernen muss st\u00f6rt sie nicht. Das w\u00e4re das kleinere \u00dcbel.<\/span><\/p>\n<\/td>\n<td><span style=\"font-family: arial, helvetica, sans-serif; font-size: 12px;\"><img decoding=\"async\" loading=\"lazy\" class=\" size-full wp-image-25\" src=\"http:\/\/silvanaheissenberg.de\/wp\/wp-content\/uploads\/2013\/05\/img_2721.jpg\" alt=\"\" width=\"300\" height=\"450\" srcset=\"http:\/\/silvanaheissenberg.de\/wp\/wp-content\/uploads\/2013\/05\/img_2721.jpg 300w, http:\/\/silvanaheissenberg.de\/wp\/wp-content\/uploads\/2013\/05\/img_2721-200x300.jpg 200w\" sizes=\"(max-width: 300px) 100vw, 300px\" \/><\/span><\/td>\n<\/tr>\n<tr>\n<td>&nbsp;<\/td>\n<td>&nbsp;<\/td>\n<\/tr>\n<tr>\n<td><span style=\"font-family: arial, helvetica, sans-serif; font-size: 12px;\"><img decoding=\"async\" loading=\"lazy\" class=\" size-full wp-image-26\" src=\"http:\/\/silvanaheissenberg.de\/wp\/wp-content\/uploads\/2013\/05\/img_2784.jpg\" alt=\"\" width=\"133\" height=\"200\">&nbsp;<img decoding=\"async\" loading=\"lazy\" class=\" size-full wp-image-27\" src=\"http:\/\/silvanaheissenberg.de\/wp\/wp-content\/uploads\/2013\/05\/img_2712.jpg\" alt=\"\" width=\"133\" height=\"200\"><\/span>\n<p>&nbsp;<\/p>\n<p><span style=\"font-family: arial, helvetica, sans-serif; font-size: 12px;\">Die <strong>dunkle<\/strong> Seite von Silvana Hei\u00dfenberg und die <strong>sexy<\/strong> Seite.<\/span><\/p>\n<\/td>\n<td>\n<p align=\"justify\"><span style=\"font-family: arial, helvetica, sans-serif; font-size: 12px;\">Hat sie doch eine Schauspielausbildung hinter sich gebracht und schon diverse Rollen bis hin zur Hauptrolle gespielt. Silvana spielt dabei auch gerne mal Charakterrollen wie: <strong>das b\u00f6se Biest<\/strong>, da kann G\u00fcnther Jauch neben ihr ja nur &#8222;der&#8220; Sch\u00f6ne sein. Nee Spa\u00df beiseite, das B\u00f6se liegt ihr. Das hei\u00dft aber nicht das wir sie darauf festlegen wollen. Aber auch nicht auf das sch\u00f6ne dumme Blondchen, weil sie&nbsp; bei Stern TV mit G\u00fcnther Jauch zusammen als<strong> Die Barbie <\/strong>(Inbegriff der Sch\u00f6nheit; Sch\u00f6nste Frau der Welt) aufgetreten ist. Die Ausstrahlung erfolgte am 13.07.2005<\/span><\/p>\n<p>&nbsp;<\/p>\n<p><span style=\"font-family: arial, helvetica, sans-serif; font-size: 12px;\">Wir bedanken uns bei Silvana Hei\u00dfenberg f\u00fcr das Interview und das kleine Fotoshooting. Wir haben uns gefreut Sie als sympathischen Menschen kennen lernen zu d\u00fcrfen. Wir w\u00fcnschen ihr weiterhin viel Erfolg und alles Gute bei ihren Zielen und W\u00fcnschen.<\/span><\/p>\n<p>&nbsp;<\/p>\n<p><span style=\"font-family: arial, helvetica, sans-serif; font-size: 12px;\">Genie\u00dfen Sie doch noch einige Fotos von Silvana Hei\u00dfenberg<\/span><\/p>\n<p>&nbsp;<\/p>\n<p><span style=\"font-family: arial, helvetica, sans-serif; font-size: 12px;\">Alle Angaben ohne Gew\u00e4hr &#8211; Photos &amp; Text by<\/span><br><span style=\"font-family: arial, helvetica, sans-serif; font-size: 12px;\">JoAchim Winkler<\/span><\/p>\n<\/td>\n<\/tr>\n<\/tbody>\n<\/table>\n","protected":false},"excerpt":{"rendered":"<p>Schauspielerin und Model Die deutsche Newcomerinmit Star-Power Silvana Hei\u00dfenberg &nbsp; Silvana Hei\u00dfenberg, die 27 Jahre junge und sympathische im Sternzeichen L\u00f6we geborene Schauspielerin und Model mit den Traumma\u00dfen: 1,82m 95-65-89 by&nbsp;59 kg, Konf.-Gr.: 32-34\/36, lange blonde Haare und blaue Augen kommt aus NRW. Wir trafen uns mit der gro\u00dfen, h\u00fcbschen und sexy Silvana im Dortmunder [&hellip;]<\/p>\n","protected":false},"author":1,"featured_media":0,"parent":0,"menu_order":0,"comment_status":"closed","ping_status":"closed","template":"","meta":{"_uag_custom_page_level_css":"","ngg_post_thumbnail":0},"uagb_featured_image_src":{"full":false,"thumbnail":false,"medium":false,"medium_large":false,"large":false,"1536x1536":false,"2048x2048":false},"uagb_author_info":{"display_name":"SH","author_link":"http:\/\/silvanaheissenberg.de\/wp\/author\/silheis\/"},"uagb_comment_info":0,"uagb_excerpt":"Schauspielerin und Model Die deutsche Newcomerinmit Star-Power Silvana Hei\u00dfenberg &nbsp; Silvana Hei\u00dfenberg, die 27 Jahre junge und sympathische im Sternzeichen L\u00f6we geborene Schauspielerin und Model mit den Traumma\u00dfen: 1,82m 95-65-89 by&nbsp;59 kg, Konf.-Gr.: 32-34\/36, lange blonde Haare und blaue Augen kommt aus NRW. Wir trafen uns mit der gro\u00dfen, h\u00fcbschen und sexy Silvana im Dortmunder&hellip;","_links":{"self":[{"href":"http:\/\/silvanaheissenberg.de\/wp\/wp-json\/wp\/v2\/pages\/720"}],"collection":[{"href":"http:\/\/silvanaheissenberg.de\/wp\/wp-json\/wp\/v2\/pages"}],"about":[{"href":"http:\/\/silvanaheissenberg.de\/wp\/wp-json\/wp\/v2\/types\/page"}],"author":[{"embeddable":true,"href":"http:\/\/silvanaheissenberg.de\/wp\/wp-json\/wp\/v2\/users\/1"}],"replies":[{"embeddable":true,"href":"http:\/\/silvanaheissenberg.de\/wp\/wp-json\/wp\/v2\/comments?post=720"}],"version-history":[{"count":1,"href":"http:\/\/silvanaheissenberg.de\/wp\/wp-json\/wp\/v2\/pages\/720\/revisions"}],"predecessor-version":[{"id":729,"href":"http:\/\/silvanaheissenberg.de\/wp\/wp-json\/wp\/v2\/pages\/720\/revisions\/729"}],"wp:attachment":[{"href":"http:\/\/silvanaheissenberg.de\/wp\/wp-json\/wp\/v2\/media?parent=720"}],"curies":[{"name":"wp","href":"https:\/\/api.w.org\/{rel}","templated":true}]}}